{"id":23,"date":"2024-01-25T13:18:40","date_gmt":"2024-01-25T12:18:40","guid":{"rendered":"http:\/\/localhost:9000\/?page_id=23"},"modified":"2024-04-19T10:25:52","modified_gmt":"2024-04-19T08:25:52","slug":"exponate","status":"publish","type":"page","link":"https:\/\/lr-fahrzeugbau.de\/en\/exponate\/","title":{"rendered":"Exhibits"},"content":{"rendered":"<h3 class=\"wp-block-heading has-text-align-center\">Wir schaffen Sichtbarkeit<\/h3>\n\n\n\n<p class=\"has-text-align-center\">LR Fahrzeugbau macht Produkte real. Jedes Exponat erh\u00e4lt seine pers\u00f6nliche Note. So werden Produktpr\u00e4sentationen f\u00fcr Ausstellungen, Demonstrationen, Messen, Museen und Veranstaltungen geschaffen.<\/p>\n\n\n\n<div style=\"height:15px\" aria-hidden=\"true\" class=\"wp-block-spacer\"><\/div>\n\n\n\n<div aria-label=\"Carousel Gallery\" class=\"wp-block-coblocks-gallery-carousel alignwide\"><div class=\"coblocks-gallery-carousel-swiper-container is-cropped coblocks-gallery has-border-radius-20 has-caption-style-dark has-horizontal-gutter has-no-thumbnails\"><div class=\"has-carousel has-carousel-lrg swiper-container has-aligned-cells\" data-swiper=\"{&quot;alignCells&quot;:true,&quot;autoPlay&quot;:true,&quot;autoPlaySpeed&quot;:&quot;5000&quot;,&quot;draggable&quot;:true,&quot;freeMode&quot;:false,&quot;loop&quot;:true,&quot;navigation&quot;:false,&quot;pageDots&quot;:false,&quot;pauseHover&quot;:true,&quot;responsiveHeight&quot;:false,&quot;slidesPerView&quot;:2,&quot;thumbnails&quot;:false,&quot;uuid&quot;:&quot;12345&quot;}\" style=\"height:400px\"><div class=\"swiper-wrapper\"><div class=\"swiper-slide\"><div class=\"coblocks-gallery--item\" role=\"button\" tabindex=\"0\"><figure class=\"coblocks-gallery--figure has-margin-left-20 has-margin-left-mobile-5 has-margin-right-20 has-margin-right-mobile-5\"><img loading=\"lazy\" decoding=\"async\" width=\"1024\" height=\"768\" alt=\"\" class=\"wp-image-860\" data-id=\"860\" data-link=\"https:\/\/lr-fahrzeugbau.de\/block-slider\/umformteile\/olympus-digital-camera-4\/\" src=\"http:\/\/lr-fahrzeugbau.de\/wp-content\/uploads\/2024\/04\/30.-3-Exponat-4-Gross-1024x768.jpg\" srcset=\"https:\/\/lr-fahrzeugbau.de\/wp-content\/uploads\/2024\/04\/30.-3-Exponat-4-Gross-1024x768.jpg 1024w, https:\/\/lr-fahrzeugbau.de\/wp-content\/uploads\/2024\/04\/30.-3-Exponat-4-Gross-300x225.jpg 300w, https:\/\/lr-fahrzeugbau.de\/wp-content\/uploads\/2024\/04\/30.-3-Exponat-4-Gross-768x576.jpg 768w, https:\/\/lr-fahrzeugbau.de\/wp-content\/uploads\/2024\/04\/30.-3-Exponat-4-Gross.jpg 1440w\" sizes=\"auto, (max-width: 1024px) 100vw, 1024px\" \/><\/figure><figcaption class=\"coblocks-gallery--caption coblocks-gallery--primary-caption\"><\/figcaption><\/div><\/div><div class=\"swiper-slide\"><div class=\"coblocks-gallery--item\" role=\"button\" tabindex=\"1\"><figure class=\"coblocks-gallery--figure has-margin-left-20 has-margin-left-mobile-5 has-margin-right-20 has-margin-right-mobile-5\"><img loading=\"lazy\" decoding=\"async\" width=\"768\" height=\"1024\" alt=\"\" class=\"wp-image-857\" data-id=\"857\" data-link=\"https:\/\/lr-fahrzeugbau.de\/block-slider\/umformteile\/30-4-exponat-2-gross\/\" src=\"http:\/\/lr-fahrzeugbau.de\/wp-content\/uploads\/2024\/04\/30.-4-Exponat-2-Gross-768x1024.jpg\" srcset=\"https:\/\/lr-fahrzeugbau.de\/wp-content\/uploads\/2024\/04\/30.-4-Exponat-2-Gross-768x1024.jpg 768w, https:\/\/lr-fahrzeugbau.de\/wp-content\/uploads\/2024\/04\/30.-4-Exponat-2-Gross-225x300.jpg 225w, https:\/\/lr-fahrzeugbau.de\/wp-content\/uploads\/2024\/04\/30.-4-Exponat-2-Gross.jpg 1080w\" sizes=\"auto, (max-width: 768px) 100vw, 768px\" \/><\/figure><figcaption class=\"coblocks-gallery--caption coblocks-gallery--primary-caption\"><\/figcaption><\/div><\/div><div class=\"swiper-slide\"><div class=\"coblocks-gallery--item\" role=\"button\" tabindex=\"2\"><figure class=\"coblocks-gallery--figure has-margin-left-20 has-margin-left-mobile-5 has-margin-right-20 has-margin-right-mobile-5\"><img loading=\"lazy\" decoding=\"async\" width=\"768\" height=\"1024\" alt=\"\" class=\"wp-image-846\" data-id=\"846\" data-link=\"https:\/\/lr-fahrzeugbau.de\/block-slider\/umformteile\/olympus-digital-camera-2\/\" src=\"http:\/\/lr-fahrzeugbau.de\/wp-content\/uploads\/2024\/04\/30.-5-Exponat-3-Gross-768x1024.jpg\" srcset=\"https:\/\/lr-fahrzeugbau.de\/wp-content\/uploads\/2024\/04\/30.-5-Exponat-3-Gross-768x1024.jpg 768w, https:\/\/lr-fahrzeugbau.de\/wp-content\/uploads\/2024\/04\/30.-5-Exponat-3-Gross-225x300.jpg 225w, https:\/\/lr-fahrzeugbau.de\/wp-content\/uploads\/2024\/04\/30.-5-Exponat-3-Gross.jpg 1080w\" sizes=\"auto, (max-width: 768px) 100vw, 768px\" \/><\/figure><figcaption class=\"coblocks-gallery--caption coblocks-gallery--primary-caption\"><\/figcaption><\/div><\/div><div class=\"swiper-slide\"><div class=\"coblocks-gallery--item\" role=\"button\" tabindex=\"3\"><figure class=\"coblocks-gallery--figure has-margin-left-20 has-margin-left-mobile-5 has-margin-right-20 has-margin-right-mobile-5\"><img loading=\"lazy\" decoding=\"async\" width=\"1024\" height=\"768\" alt=\"\" class=\"wp-image-769\" data-id=\"769\" data-link=\"https:\/\/lr-fahrzeugbau.de\/lr-fahrzeugbau-gmbh\/30-2-a8-hybrid-komplett\/\" src=\"http:\/\/lr-fahrzeugbau.de\/wp-content\/uploads\/2024\/04\/30.-2-A8-Hybrid-komplett-1024x768.jpg\" srcset=\"https:\/\/lr-fahrzeugbau.de\/wp-content\/uploads\/2024\/04\/30.-2-A8-Hybrid-komplett-1024x768.jpg 1024w, https:\/\/lr-fahrzeugbau.de\/wp-content\/uploads\/2024\/04\/30.-2-A8-Hybrid-komplett-300x225.jpg 300w, https:\/\/lr-fahrzeugbau.de\/wp-content\/uploads\/2024\/04\/30.-2-A8-Hybrid-komplett-768x576.jpg 768w, https:\/\/lr-fahrzeugbau.de\/wp-content\/uploads\/2024\/04\/30.-2-A8-Hybrid-komplett-1536x1152.jpg 1536w, https:\/\/lr-fahrzeugbau.de\/wp-content\/uploads\/2024\/04\/30.-2-A8-Hybrid-komplett-2048x1536.jpg 2048w\" sizes=\"auto, (max-width: 1024px) 100vw, 1024px\" \/><\/figure><figcaption class=\"coblocks-gallery--caption coblocks-gallery--primary-caption\"><\/figcaption><\/div><\/div><div class=\"swiper-slide\"><div class=\"coblocks-gallery--item\" role=\"button\" tabindex=\"4\"><figure class=\"coblocks-gallery--figure has-margin-left-20 has-margin-left-mobile-5 has-margin-right-20 has-margin-right-mobile-5\"><img loading=\"lazy\" decoding=\"async\" width=\"640\" height=\"480\" alt=\"\" class=\"wp-image-764\" data-id=\"764\" data-link=\"https:\/\/lr-fahrzeugbau.de\/lr-fahrzeugbau-gmbh\/30-9-drehschieber\/\" src=\"http:\/\/lr-fahrzeugbau.de\/wp-content\/uploads\/2024\/04\/30.9-Drehschieber.jpg\" srcset=\"https:\/\/lr-fahrzeugbau.de\/wp-content\/uploads\/2024\/04\/30.9-Drehschieber.jpg 640w, https:\/\/lr-fahrzeugbau.de\/wp-content\/uploads\/2024\/04\/30.9-Drehschieber-300x225.jpg 300w\" sizes=\"auto, (max-width: 640px) 100vw, 640px\" \/><\/figure><figcaption class=\"coblocks-gallery--caption coblocks-gallery--primary-caption\"><\/figcaption><\/div><\/div><div class=\"swiper-slide\"><div class=\"coblocks-gallery--item\" role=\"button\" tabindex=\"5\"><figure class=\"coblocks-gallery--figure has-margin-left-20 has-margin-left-mobile-5 has-margin-right-20 has-margin-right-mobile-5\"><img loading=\"lazy\" decoding=\"async\" width=\"768\" height=\"1024\" alt=\"\" class=\"wp-image-763\" data-id=\"763\" data-link=\"https:\/\/lr-fahrzeugbau.de\/lr-fahrzeugbau-gmbh\/30-8-img_6515\/\" src=\"http:\/\/lr-fahrzeugbau.de\/wp-content\/uploads\/2024\/04\/30.8-IMG_6515-768x1024.jpg\" srcset=\"https:\/\/lr-fahrzeugbau.de\/wp-content\/uploads\/2024\/04\/30.8-IMG_6515-768x1024.jpg 768w, https:\/\/lr-fahrzeugbau.de\/wp-content\/uploads\/2024\/04\/30.8-IMG_6515-225x300.jpg 225w, https:\/\/lr-fahrzeugbau.de\/wp-content\/uploads\/2024\/04\/30.8-IMG_6515-1152x1536.jpg 1152w, https:\/\/lr-fahrzeugbau.de\/wp-content\/uploads\/2024\/04\/30.8-IMG_6515.jpg 1200w\" sizes=\"auto, (max-width: 768px) 100vw, 768px\" \/><\/figure><figcaption class=\"coblocks-gallery--caption coblocks-gallery--primary-caption\"><\/figcaption><\/div><\/div><div class=\"swiper-slide\"><div class=\"coblocks-gallery--item\" role=\"button\" tabindex=\"6\"><figure class=\"coblocks-gallery--figure has-margin-left-20 has-margin-left-mobile-5 has-margin-right-20 has-margin-right-mobile-5\"><img loading=\"lazy\" decoding=\"async\" width=\"1024\" height=\"768\" alt=\"\" class=\"wp-image-762\" data-id=\"762\" data-link=\"https:\/\/lr-fahrzeugbau.de\/lr-fahrzeugbau-gmbh\/30-7-img_1357\/\" src=\"http:\/\/lr-fahrzeugbau.de\/wp-content\/uploads\/2024\/04\/30.7-IMG_1357-1024x768.jpg\" srcset=\"https:\/\/lr-fahrzeugbau.de\/wp-content\/uploads\/2024\/04\/30.7-IMG_1357-1024x768.jpg 1024w, https:\/\/lr-fahrzeugbau.de\/wp-content\/uploads\/2024\/04\/30.7-IMG_1357-300x225.jpg 300w, https:\/\/lr-fahrzeugbau.de\/wp-content\/uploads\/2024\/04\/30.7-IMG_1357-768x576.jpg 768w, https:\/\/lr-fahrzeugbau.de\/wp-content\/uploads\/2024\/04\/30.7-IMG_1357-1536x1152.jpg 1536w, https:\/\/lr-fahrzeugbau.de\/wp-content\/uploads\/2024\/04\/30.7-IMG_1357-2048x1536.jpg 2048w\" sizes=\"auto, (max-width: 1024px) 100vw, 1024px\" \/><\/figure><figcaption class=\"coblocks-gallery--caption coblocks-gallery--primary-caption\"><\/figcaption><\/div><\/div><\/div><\/div><\/div><\/div>\n\n\n\n<div style=\"height:20px\" aria-hidden=\"true\" class=\"wp-block-spacer\"><\/div>\n\n\n\n<div class=\"wp-block-columns alignwide is-layout-flex wp-container-core-columns-is-layout-28f84493 wp-block-columns-is-layout-flex\">\n<div class=\"wp-block-column is-layout-flow wp-block-column-is-layout-flow\" style=\"flex-basis:50%\">\n<div class=\"wp-block-group has-global-padding is-layout-constrained wp-block-group-is-layout-constrained\">\n<h4 class=\"wp-block-heading\">Schnittmodelle und technische Exponate<\/h4>\n\n\n\n<ul class=\"wp-block-list\">\n<li>Funktionen und Innovation werden deutlich<\/li>\n\n\n\n<li>Lackierungen und Veredelungen unterst\u00fctzen die Darstellung der jeweiligen Funktionsbereiche<\/li>\n\n\n\n<li>Technisch animierte Schnittmodelle zeigen die Funktionen im Gesamtbetrieb des Modells<\/li>\n\n\n\n<li>Beleuchtung und Veredelung machen das Exponat zum Highlight.<\/li>\n<\/ul>\n<\/div>\n<\/div>\n\n\n\n<div class=\"wp-block-column is-vertically-aligned-top is-layout-flow wp-block-column-is-layout-flow\" style=\"flex-basis:50%\">\n<div class=\"wp-block-group has-global-padding is-layout-constrained wp-block-group-is-layout-constrained\">\n<h4 class=\"wp-block-heading\">Designmuster und Funktionsmuster<\/h4>\n\n\n\n<ul class=\"wp-block-list\">\n<li>Produktideen erlebbar machen<\/li>\n\n\n\n<li>Perfektion in Optik, Funktion und Haptik<\/li>\n\n\n\n<li>Begeisterung beim Betrachter erzielen<\/li>\n\n\n\n<li>Als Modelle und im Ma\u00dfstab 1:1<\/li>\n\n\n\n<li>1A Qualit\u00e4t<\/li>\n<\/ul>\n<\/div>\n<\/div>\n<\/div>\n\n\n\n<div style=\"height:20px\" aria-hidden=\"true\" class=\"wp-block-spacer\"><\/div>\n\n\n\n<div class=\"wp-block-buttons is-content-justification-center is-layout-flex wp-container-core-buttons-is-layout-a89b3969 wp-block-buttons-is-layout-flex\">\n<div class=\"wp-block-button has-custom-width wp-block-button__width-50 has-custom-font-size has-small-font-size\"><a class=\"wp-block-button__link wp-element-button\" href=\"https:\/\/lr-fahrzeugbau.de\/en\/kontakt\/\">Jetzt Anfragen<\/a><\/div>\n<\/div>\n\n\n\n<div style=\"height:100px\" aria-hidden=\"true\" class=\"wp-block-spacer\"><\/div>","protected":false},"excerpt":{"rendered":"<p>Wir schaffen Sichtbarkeit LR Fahrzeugbau macht Produkte real. Jedes Exponat erh\u00e4lt seine pers\u00f6nliche Note. So werden Produktpr\u00e4sentationen f\u00fcr Ausstellungen, Demonstrationen, Messen, Museen und Veranstaltungen geschaffen. Schnittmodelle und technische Exponate Designmuster und Funktionsmuster<\/p>","protected":false},"author":1,"featured_media":0,"parent":0,"menu_order":0,"comment_status":"closed","ping_status":"closed","template":"","meta":{"_coblocks_attr":"","_coblocks_dimensions":"","_coblocks_responsive_height":"","_coblocks_accordion_ie_support":"","footnotes":""},"class_list":["post-23","page","type-page","status-publish","hentry"],"_links":{"self":[{"href":"https:\/\/lr-fahrzeugbau.de\/en\/wp-json\/wp\/v2\/pages\/23","targetHints":{"allow":["GET"]}}],"collection":[{"href":"https:\/\/lr-fahrzeugbau.de\/en\/wp-json\/wp\/v2\/pages"}],"about":[{"href":"https:\/\/lr-fahrzeugbau.de\/en\/wp-json\/wp\/v2\/types\/page"}],"author":[{"embeddable":true,"href":"https:\/\/lr-fahrzeugbau.de\/en\/wp-json\/wp\/v2\/users\/1"}],"replies":[{"embeddable":true,"href":"https:\/\/lr-fahrzeugbau.de\/en\/wp-json\/wp\/v2\/comments?post=23"}],"version-history":[{"count":43,"href":"https:\/\/lr-fahrzeugbau.de\/en\/wp-json\/wp\/v2\/pages\/23\/revisions"}],"predecessor-version":[{"id":1243,"href":"https:\/\/lr-fahrzeugbau.de\/en\/wp-json\/wp\/v2\/pages\/23\/revisions\/1243"}],"wp:attachment":[{"href":"https:\/\/lr-fahrzeugbau.de\/en\/wp-json\/wp\/v2\/media?parent=23"}],"curies":[{"name":"wp","href":"https:\/\/api.w.org\/{rel}","templated":true}]}}