{"id":363,"date":"2024-02-08T11:14:45","date_gmt":"2024-02-08T10:14:45","guid":{"rendered":"http:\/\/localhost:9000\/?page_id=363"},"modified":"2024-08-07T10:47:16","modified_gmt":"2024-08-07T08:47:16","slug":"ueber-uns","status":"publish","type":"page","link":"https:\/\/lr-fahrzeugbau.de\/en\/ueber-uns\/","title":{"rendered":"\u00dcber Uns"},"content":{"rendered":"<div class=\"wp-block-cover alignfull is-light has-parallax shadowtext\"><span aria-hidden=\"true\" class=\"wp-block-cover__background has-background-dim-30 has-background-dim\" style=\"background-color:#9c9ea0\"><\/span><div class=\"wp-block-cover__image-background wp-image-1481 has-parallax\" style=\"background-position:50% 50%;background-image:url(http:\/\/lr-fahrzeugbau.de\/wp-content\/uploads\/2024\/04\/Fotolia_3167625_Subscription_L.jpg)\"><\/div><div class=\"wp-block-cover__inner-container has-global-padding is-layout-constrained wp-block-cover-is-layout-constrained\">\n<h1 class=\"wp-block-heading has-text-align-center has-base-color has-text-color has-link-color wp-elements-c77d2b809d6538fd667a33ef5008967e\">About Us<\/h1>\n\n\n\n<h3 class=\"wp-block-heading has-text-align-center has-base-color has-text-color has-link-color wp-elements-83a937790afd70b256335f26b7a48deb\">Sustainable, competent, and reliable<\/h3>\n<\/div><\/div>\n\n\n\n<div style=\"height:50px\" aria-hidden=\"true\" class=\"wp-block-spacer\"><\/div>\n\n\n\n<div class=\"wp-block-columns alignwide is-layout-flex wp-container-core-columns-is-layout-28f84493 wp-block-columns-is-layout-flex\">\n<div class=\"wp-block-column is-layout-flow wp-block-column-is-layout-flow\" style=\"flex-basis:65%\">\n<div class=\"wp-block-group has-global-padding is-content-justification-center is-layout-constrained wp-block-group-is-layout-constrained\" style=\"padding-top:0;padding-bottom:var(--wp--preset--spacing--30)\">\n<div class=\"wp-block-group alignwide is-horizontal is-layout-flex wp-container-core-group-is-layout-138f45a9 wp-block-group-is-layout-flex\">\n<p>LR Fahrzeugbau is an owner-managed, medium-sized company located in the Bavarian Oberland, primarily serving the automotive industry, including vehicle manufacturers and their suppliers. Other industries served, such as medical technology, consumer goods, and architecture, round out the customer profile.\n\nThanks to its unique background as a former vehicle manufacturer, every service provided by LR Fahrzeugbau meets the quality requirements of end customers \u2013 always adding value for the client! Since 1984, LR Fahrzeugbau has been tackling all challenges with its first-class, highly qualified employees, solving them competently, cost-effectively, and quickly.\n\nInnovation in manufacturing technology, exceptional quality in craftsmanship, and maximum flexibility in meeting individual customer requirements are key advantages that define LR Fahrzeugbau. <\/p>\n\n\n\n<p>Special requirements regarding development, manufacturability, and scheduling are always carefully considered. High reliability in this regard is a given for LR Fahrzeugbau. The process chain, starting from tool design, through tool manufacturing, and extending to the machinery park, demonstrates LR Fahrzeugbau's capabilities in offering various manufacturing processes and production options. The range of services includes everything from simple prototypes to complete vehicle builds.\n\nEfficient process monitoring ensures continuous transparency of the production status and enables changes to be integrated quickly and error-free. With the implementation of the quality management system according to ISO 9001:2015, continuous improvement in the process is guaranteed.<\/p>\n<\/div>\n<\/div>\n<\/div>\n\n\n\n<div class=\"wp-block-column is-vertically-aligned-top is-layout-flow wp-block-column-is-layout-flow\" style=\"padding-right:var(--wp--preset--spacing--30);padding-left:var(--wp--preset--spacing--30);flex-basis:50%\">\n<figure class=\"wp-block-image size-full is-style-default has-lightbox\"><a href=\"https:\/\/lr-fahrzeugbau.de\/wp-content\/uploads\/2024\/08\/01-100-1800306_Main_DE.pdf\" target=\"_blank\" rel=\"noreferrer noopener\"><img loading=\"lazy\" decoding=\"async\" width=\"552\" height=\"779\" src=\"https:\/\/lr-fahrzeugbau.de\/wp-content\/uploads\/2024\/08\/Screenshot-2024-08-07-104451.png\" alt=\"\" class=\"wp-image-1626\" srcset=\"https:\/\/lr-fahrzeugbau.de\/wp-content\/uploads\/2024\/08\/Screenshot-2024-08-07-104451.png 552w, https:\/\/lr-fahrzeugbau.de\/wp-content\/uploads\/2024\/08\/Screenshot-2024-08-07-104451-213x300.png 213w\" sizes=\"auto, (max-width: 552px) 100vw, 552px\" \/><\/a><\/figure>\n<\/div>\n<\/div>\n\n\n\n<div style=\"height:50px\" aria-hidden=\"true\" class=\"wp-block-spacer\"><\/div>","protected":false},"excerpt":{"rendered":"<p>LR Fahrzeugbau ist ein inhabergef\u00fchrtes, mittelst\u00e4ndisches Unternehmen im bayrischen Oberland und beliefert prim\u00e4r die Automobilindustrie und hier die Fahrzeughersteller sowie deren Zulieferer. Andere belieferte Branchen, wie beispielsweise die Medizintechnik, die Konsumg\u00fcterindustrie und die Architekturwelt runden das Kundenprofil ab.&nbsp;Durch die Einzigartigkeit, dass LR Fahrzeugbau einst selbst ein Fahrzeughersteller war, entspricht jede Leistung den Qualit\u00e4tsanforderungen der Endkunden [&hellip;]<\/p>","protected":false},"author":1,"featured_media":0,"parent":0,"menu_order":0,"comment_status":"closed","ping_status":"closed","template":"page-no-title","meta":{"_coblocks_attr":"","_coblocks_dimensions":"","_coblocks_responsive_height":"","_coblocks_accordion_ie_support":"","footnotes":""},"class_list":["post-363","page","type-page","status-publish","hentry"],"_links":{"self":[{"href":"https:\/\/lr-fahrzeugbau.de\/en\/wp-json\/wp\/v2\/pages\/363","targetHints":{"allow":["GET"]}}],"collection":[{"href":"https:\/\/lr-fahrzeugbau.de\/en\/wp-json\/wp\/v2\/pages"}],"about":[{"href":"https:\/\/lr-fahrzeugbau.de\/en\/wp-json\/wp\/v2\/types\/page"}],"author":[{"embeddable":true,"href":"https:\/\/lr-fahrzeugbau.de\/en\/wp-json\/wp\/v2\/users\/1"}],"replies":[{"embeddable":true,"href":"https:\/\/lr-fahrzeugbau.de\/en\/wp-json\/wp\/v2\/comments?post=363"}],"version-history":[{"count":70,"href":"https:\/\/lr-fahrzeugbau.de\/en\/wp-json\/wp\/v2\/pages\/363\/revisions"}],"predecessor-version":[{"id":1629,"href":"https:\/\/lr-fahrzeugbau.de\/en\/wp-json\/wp\/v2\/pages\/363\/revisions\/1629"}],"wp:attachment":[{"href":"https:\/\/lr-fahrzeugbau.de\/en\/wp-json\/wp\/v2\/media?parent=363"}],"curies":[{"name":"wp","href":"https:\/\/api.w.org\/{rel}","templated":true}]}}