{"id":37,"date":"2024-01-25T13:28:04","date_gmt":"2024-01-25T12:28:04","guid":{"rendered":"http:\/\/localhost:9000\/?page_id=37"},"modified":"2024-04-18T15:09:32","modified_gmt":"2024-04-18T13:09:32","slug":"fahrzeugbau","status":"publish","type":"page","link":"https:\/\/lr-fahrzeugbau.de\/en\/fahrzeugbau\/","title":{"rendered":"Vehicle construction"},"content":{"rendered":"<h3 class=\"wp-block-heading has-text-align-center\">Wir realisieren Visionen<\/h3>\n\n\n\n<p class=\"has-text-align-center\">LR Fahrzeugbau realisiert jeden Wunsch &#8211; Sei es den Antrieb auszutauschen, den Innenraum zu ver\u00e4ndern, neue Lichttechnik zu realisieren oder die Karosserie neu zu gestalten.<\/p>\n\n\n\n<div style=\"height:30px\" aria-hidden=\"true\" class=\"wp-block-spacer\"><\/div>\n\n\n\n<div aria-label=\"Carousel Gallery\" class=\"wp-block-coblocks-gallery-carousel alignwide\"><div class=\"coblocks-gallery-carousel-swiper-container is-cropped coblocks-gallery has-border-radius-20 has-caption-style-dark has-horizontal-gutter has-no-thumbnails\"><div class=\"has-carousel has-carousel-lrg swiper-container\" data-swiper=\"{&quot;alignCells&quot;:false,&quot;autoPlay&quot;:true,&quot;autoPlaySpeed&quot;:3000,&quot;draggable&quot;:true,&quot;freeMode&quot;:false,&quot;loop&quot;:true,&quot;navigation&quot;:false,&quot;pageDots&quot;:false,&quot;pauseHover&quot;:true,&quot;responsiveHeight&quot;:false,&quot;slidesPerView&quot;:2,&quot;thumbnails&quot;:false,&quot;uuid&quot;:&quot;12345&quot;}\" style=\"height:400px\"><div class=\"swiper-wrapper\"><div class=\"swiper-slide\"><div class=\"coblocks-gallery--item\" role=\"button\" tabindex=\"0\"><figure class=\"coblocks-gallery--figure has-margin-left-20 has-margin-left-mobile-5 has-margin-right-20 has-margin-right-mobile-5\"><img loading=\"lazy\" decoding=\"async\" width=\"1024\" height=\"683\" alt=\"\" class=\"wp-image-850\" data-id=\"850\" data-link=\"https:\/\/lr-fahrzeugbau.de\/block-slider\/umformteile\/31-2-img_8209-gross\/\" src=\"http:\/\/lr-fahrzeugbau.de\/wp-content\/uploads\/2024\/04\/31.-2.-IMG_8209-Gross-1024x683.jpg\" srcset=\"https:\/\/lr-fahrzeugbau.de\/wp-content\/uploads\/2024\/04\/31.-2.-IMG_8209-Gross-1024x683.jpg 1024w, https:\/\/lr-fahrzeugbau.de\/wp-content\/uploads\/2024\/04\/31.-2.-IMG_8209-Gross-300x200.jpg 300w, https:\/\/lr-fahrzeugbau.de\/wp-content\/uploads\/2024\/04\/31.-2.-IMG_8209-Gross-768x512.jpg 768w, https:\/\/lr-fahrzeugbau.de\/wp-content\/uploads\/2024\/04\/31.-2.-IMG_8209-Gross-1536x1024.jpg 1536w, https:\/\/lr-fahrzeugbau.de\/wp-content\/uploads\/2024\/04\/31.-2.-IMG_8209-Gross.jpg 1620w\" sizes=\"auto, (max-width: 1024px) 100vw, 1024px\" \/><\/figure><figcaption class=\"coblocks-gallery--caption coblocks-gallery--primary-caption\"><\/figcaption><\/div><\/div><div class=\"swiper-slide\"><div class=\"coblocks-gallery--item\" role=\"button\" tabindex=\"1\"><figure class=\"coblocks-gallery--figure has-margin-left-20 has-margin-left-mobile-5 has-margin-right-20 has-margin-right-mobile-5\"><img loading=\"lazy\" decoding=\"async\" width=\"1024\" height=\"768\" alt=\"\" class=\"wp-image-852\" data-id=\"852\" data-link=\"https:\/\/lr-fahrzeugbau.de\/block-slider\/umformteile\/31-4-fahrzeug-restauration-1-gross\/\" src=\"http:\/\/lr-fahrzeugbau.de\/wp-content\/uploads\/2024\/04\/31.4-fahrzeug-restauration-1-Gross-1024x768.jpg\" srcset=\"https:\/\/lr-fahrzeugbau.de\/wp-content\/uploads\/2024\/04\/31.4-fahrzeug-restauration-1-Gross-1024x768.jpg 1024w, https:\/\/lr-fahrzeugbau.de\/wp-content\/uploads\/2024\/04\/31.4-fahrzeug-restauration-1-Gross-300x225.jpg 300w, https:\/\/lr-fahrzeugbau.de\/wp-content\/uploads\/2024\/04\/31.4-fahrzeug-restauration-1-Gross-768x576.jpg 768w, https:\/\/lr-fahrzeugbau.de\/wp-content\/uploads\/2024\/04\/31.4-fahrzeug-restauration-1-Gross.jpg 1440w\" sizes=\"auto, (max-width: 1024px) 100vw, 1024px\" \/><\/figure><figcaption class=\"coblocks-gallery--caption coblocks-gallery--primary-caption\"><\/figcaption><\/div><\/div><div class=\"swiper-slide\"><div class=\"coblocks-gallery--item\" role=\"button\" tabindex=\"2\"><figure class=\"coblocks-gallery--figure has-margin-left-20 has-margin-left-mobile-5 has-margin-right-20 has-margin-right-mobile-5\"><img loading=\"lazy\" decoding=\"async\" width=\"1024\" height=\"768\" alt=\"\" class=\"wp-image-766\" data-id=\"766\" data-link=\"https:\/\/lr-fahrzeugbau.de\/lr-fahrzeugbau-gmbh\/31-10-titan2\/\" src=\"http:\/\/lr-fahrzeugbau.de\/wp-content\/uploads\/2024\/04\/31.-10-Titan2-1024x768.jpg\" srcset=\"https:\/\/lr-fahrzeugbau.de\/wp-content\/uploads\/2024\/04\/31.-10-Titan2-1024x768.jpg 1024w, https:\/\/lr-fahrzeugbau.de\/wp-content\/uploads\/2024\/04\/31.-10-Titan2-300x225.jpg 300w, https:\/\/lr-fahrzeugbau.de\/wp-content\/uploads\/2024\/04\/31.-10-Titan2-768x576.jpg 768w, https:\/\/lr-fahrzeugbau.de\/wp-content\/uploads\/2024\/04\/31.-10-Titan2-1536x1152.jpg 1536w, https:\/\/lr-fahrzeugbau.de\/wp-content\/uploads\/2024\/04\/31.-10-Titan2.jpg 1600w\" sizes=\"auto, (max-width: 1024px) 100vw, 1024px\" \/><\/figure><figcaption class=\"coblocks-gallery--caption coblocks-gallery--primary-caption\"><\/figcaption><\/div><\/div><div class=\"swiper-slide\"><div class=\"coblocks-gallery--item\" role=\"button\" tabindex=\"3\"><figure class=\"coblocks-gallery--figure has-margin-left-20 has-margin-left-mobile-5 has-margin-right-20 has-margin-right-mobile-5\"><img loading=\"lazy\" decoding=\"async\" width=\"1024\" height=\"768\" alt=\"\" class=\"wp-image-759\" data-id=\"759\" data-link=\"https:\/\/lr-fahrzeugbau.de\/lr-fahrzeugbau-gmbh\/31-5-fahrzeugrestauration-2\/\" src=\"http:\/\/lr-fahrzeugbau.de\/wp-content\/uploads\/2024\/04\/31.-5-Fahrzeugrestauration-2-1024x768.jpg\" srcset=\"https:\/\/lr-fahrzeugbau.de\/wp-content\/uploads\/2024\/04\/31.-5-Fahrzeugrestauration-2-1024x768.jpg 1024w, https:\/\/lr-fahrzeugbau.de\/wp-content\/uploads\/2024\/04\/31.-5-Fahrzeugrestauration-2-300x225.jpg 300w, https:\/\/lr-fahrzeugbau.de\/wp-content\/uploads\/2024\/04\/31.-5-Fahrzeugrestauration-2-768x576.jpg 768w, https:\/\/lr-fahrzeugbau.de\/wp-content\/uploads\/2024\/04\/31.-5-Fahrzeugrestauration-2-1536x1152.jpg 1536w, https:\/\/lr-fahrzeugbau.de\/wp-content\/uploads\/2024\/04\/31.-5-Fahrzeugrestauration-2-2048x1536.jpg 2048w\" sizes=\"auto, (max-width: 1024px) 100vw, 1024px\" \/><\/figure><figcaption class=\"coblocks-gallery--caption coblocks-gallery--primary-caption\"><\/figcaption><\/div><\/div><div class=\"swiper-slide\"><div class=\"coblocks-gallery--item\" role=\"button\" tabindex=\"4\"><figure class=\"coblocks-gallery--figure has-margin-left-20 has-margin-left-mobile-5 has-margin-right-20 has-margin-right-mobile-5\"><img loading=\"lazy\" decoding=\"async\" width=\"1024\" height=\"768\" alt=\"\" class=\"wp-image-760\" data-id=\"760\" data-link=\"https:\/\/lr-fahrzeugbau.de\/lr-fahrzeugbau-gmbh\/31-6-fahrzeugtechnik-1\/\" src=\"http:\/\/lr-fahrzeugbau.de\/wp-content\/uploads\/2024\/04\/31.-6-Fahrzeugtechnik-1-1024x768.jpg\" srcset=\"https:\/\/lr-fahrzeugbau.de\/wp-content\/uploads\/2024\/04\/31.-6-Fahrzeugtechnik-1-1024x768.jpg 1024w, https:\/\/lr-fahrzeugbau.de\/wp-content\/uploads\/2024\/04\/31.-6-Fahrzeugtechnik-1-300x225.jpg 300w, https:\/\/lr-fahrzeugbau.de\/wp-content\/uploads\/2024\/04\/31.-6-Fahrzeugtechnik-1-768x576.jpg 768w, https:\/\/lr-fahrzeugbau.de\/wp-content\/uploads\/2024\/04\/31.-6-Fahrzeugtechnik-1-1536x1152.jpg 1536w, https:\/\/lr-fahrzeugbau.de\/wp-content\/uploads\/2024\/04\/31.-6-Fahrzeugtechnik-1-2048x1536.jpg 2048w\" sizes=\"auto, (max-width: 1024px) 100vw, 1024px\" \/><\/figure><figcaption class=\"coblocks-gallery--caption coblocks-gallery--primary-caption\"><\/figcaption><\/div><\/div><div class=\"swiper-slide\"><div class=\"coblocks-gallery--item\" role=\"button\" tabindex=\"5\"><figure class=\"coblocks-gallery--figure has-margin-left-20 has-margin-left-mobile-5 has-margin-right-20 has-margin-right-mobile-5\"><img loading=\"lazy\" decoding=\"async\" width=\"1024\" height=\"768\" alt=\"\" class=\"wp-image-761\" data-id=\"761\" data-link=\"https:\/\/lr-fahrzeugbau.de\/lr-fahrzeugbau-gmbh\/31-7-fahrzeugtechnik-2\/\" src=\"http:\/\/lr-fahrzeugbau.de\/wp-content\/uploads\/2024\/04\/31.-7-Fahrzeugtechnik-2-1024x768.jpg\" srcset=\"https:\/\/lr-fahrzeugbau.de\/wp-content\/uploads\/2024\/04\/31.-7-Fahrzeugtechnik-2-1024x768.jpg 1024w, https:\/\/lr-fahrzeugbau.de\/wp-content\/uploads\/2024\/04\/31.-7-Fahrzeugtechnik-2-300x225.jpg 300w, https:\/\/lr-fahrzeugbau.de\/wp-content\/uploads\/2024\/04\/31.-7-Fahrzeugtechnik-2-768x576.jpg 768w, https:\/\/lr-fahrzeugbau.de\/wp-content\/uploads\/2024\/04\/31.-7-Fahrzeugtechnik-2-1536x1152.jpg 1536w, https:\/\/lr-fahrzeugbau.de\/wp-content\/uploads\/2024\/04\/31.-7-Fahrzeugtechnik-2.jpg 1600w\" sizes=\"auto, (max-width: 1024px) 100vw, 1024px\" \/><\/figure><figcaption class=\"coblocks-gallery--caption coblocks-gallery--primary-caption\"><\/figcaption><\/div><\/div><div class=\"swiper-slide\"><div class=\"coblocks-gallery--item\" role=\"button\" tabindex=\"6\"><figure class=\"coblocks-gallery--figure has-margin-left-20 has-margin-left-mobile-5 has-margin-right-20 has-margin-right-mobile-5\"><img loading=\"lazy\" decoding=\"async\" width=\"1024\" height=\"680\" alt=\"\" class=\"wp-image-378\" data-id=\"378\" data-link=\"https:\/\/lr-fahrzeugbau.de\/lr-fahrzeugbau-gmbh\/1987-mirach-temp-0031\/\" src=\"http:\/\/lr-fahrzeugbau.de\/wp-content\/uploads\/2024\/02\/1987-Mirach-Temp-0031.jpg\" srcset=\"https:\/\/lr-fahrzeugbau.de\/wp-content\/uploads\/2024\/02\/1987-Mirach-Temp-0031.jpg 1024w, https:\/\/lr-fahrzeugbau.de\/wp-content\/uploads\/2024\/02\/1987-Mirach-Temp-0031-300x199.jpg 300w, https:\/\/lr-fahrzeugbau.de\/wp-content\/uploads\/2024\/02\/1987-Mirach-Temp-0031-768x510.jpg 768w\" sizes=\"auto, (max-width: 1024px) 100vw, 1024px\" \/><\/figure><figcaption class=\"coblocks-gallery--caption coblocks-gallery--primary-caption\"><\/figcaption><\/div><\/div><div class=\"swiper-slide\"><div class=\"coblocks-gallery--item\" role=\"button\" tabindex=\"7\"><figure class=\"coblocks-gallery--figure has-margin-left-20 has-margin-left-mobile-5 has-margin-right-20 has-margin-right-mobile-5\"><img loading=\"lazy\" decoding=\"async\" width=\"1024\" height=\"768\" alt=\"\" class=\"wp-image-758\" data-id=\"758\" data-link=\"https:\/\/lr-fahrzeugbau.de\/lr-fahrzeugbau-gmbh\/31-8-titan3\/\" src=\"http:\/\/lr-fahrzeugbau.de\/wp-content\/uploads\/2024\/04\/31.8.-Titan3-1024x768.jpg\" srcset=\"https:\/\/lr-fahrzeugbau.de\/wp-content\/uploads\/2024\/04\/31.8.-Titan3-1024x768.jpg 1024w, https:\/\/lr-fahrzeugbau.de\/wp-content\/uploads\/2024\/04\/31.8.-Titan3-300x225.jpg 300w, https:\/\/lr-fahrzeugbau.de\/wp-content\/uploads\/2024\/04\/31.8.-Titan3-768x576.jpg 768w, https:\/\/lr-fahrzeugbau.de\/wp-content\/uploads\/2024\/04\/31.8.-Titan3-1536x1152.jpg 1536w, https:\/\/lr-fahrzeugbau.de\/wp-content\/uploads\/2024\/04\/31.8.-Titan3.jpg 1600w\" sizes=\"auto, (max-width: 1024px) 100vw, 1024px\" \/><\/figure><figcaption class=\"coblocks-gallery--caption coblocks-gallery--primary-caption\"><\/figcaption><\/div><\/div><div class=\"swiper-slide\"><div class=\"coblocks-gallery--item\" role=\"button\" tabindex=\"8\"><figure class=\"coblocks-gallery--figure has-margin-left-20 has-margin-left-mobile-5 has-margin-right-20 has-margin-right-mobile-5\"><img loading=\"lazy\" decoding=\"async\" width=\"800\" height=\"600\" alt=\"\" class=\"wp-image-765\" data-id=\"765\" data-link=\"https:\/\/lr-fahrzeugbau.de\/lr-fahrzeugbau-gmbh\/31-1-1996-solon-154-5426_img\/\" src=\"http:\/\/lr-fahrzeugbau.de\/wp-content\/uploads\/2024\/04\/31.-1-1996-Solon-154-5426_img.jpg\" srcset=\"https:\/\/lr-fahrzeugbau.de\/wp-content\/uploads\/2024\/04\/31.-1-1996-Solon-154-5426_img.jpg 800w, https:\/\/lr-fahrzeugbau.de\/wp-content\/uploads\/2024\/04\/31.-1-1996-Solon-154-5426_img-300x225.jpg 300w, https:\/\/lr-fahrzeugbau.de\/wp-content\/uploads\/2024\/04\/31.-1-1996-Solon-154-5426_img-768x576.jpg 768w\" sizes=\"auto, (max-width: 800px) 100vw, 800px\" \/><\/figure><figcaption class=\"coblocks-gallery--caption coblocks-gallery--primary-caption\"><\/figcaption><\/div><\/div><\/div><\/div><\/div><\/div>\n\n\n\n<div style=\"height:20px\" aria-hidden=\"true\" class=\"wp-block-spacer\"><\/div>\n\n\n\n<div class=\"wp-block-coblocks-features alignwide coblocks-features-34102235702\"><div class=\"wp-block-coblocks-features__inner has-columns has-3-columns has-responsive-columns has-center-content has-medium-gutter\">\n<div class=\"wp-block-coblocks-feature coblocks-feature-3410223690\"><div class=\"wp-block-coblocks-feature__inner has-no-padding\">\n<h4 class=\"wp-block-heading\">Konzeptfahrzeuge<\/h4>\n\n\n\n<p>Hierdurch k\u00f6nnen bei Serienfahrzeugen die Verbauteile optimiert und die Gesamtl\u00f6sung verifiziert werden.<\/p>\n<\/div><\/div>\n\n\n\n<div class=\"wp-block-coblocks-feature coblocks-feature-3410223690\"><div class=\"wp-block-coblocks-feature__inner has-no-padding\">\n<h4 class=\"wp-block-heading\">Sonderfahrzeuge<\/h4>\n\n\n\n<p>Fahrzeuge mit Sicherheitsanforderungen und behindertengerechte Umbauma\u00dfnahme runden hier das Profil ab.<\/p>\n<\/div><\/div>\n\n\n\n<div class=\"wp-block-coblocks-feature coblocks-feature-3410223691\"><div class=\"wp-block-coblocks-feature__inner has-no-padding\">\n<h4 class=\"wp-block-heading\">Einzelst\u00fccke<\/h4>\n\n\n\n<p class=\"is-style-default\">Aber auch Einzelst\u00fccke &nbsp;&#8211; die individuellen W\u00fcnsche werden erf\u00fcllt, von der Restauration bis hin zum kompletten Neuaufbau. <\/p>\n<\/div><\/div>\n<\/div><\/div>\n\n\n\n<div style=\"height:20px\" aria-hidden=\"true\" class=\"wp-block-spacer\"><\/div>\n\n\n\n<div class=\"wp-block-buttons is-content-justification-center is-layout-flex wp-container-core-buttons-is-layout-a89b3969 wp-block-buttons-is-layout-flex\">\n<div class=\"wp-block-button has-custom-width wp-block-button__width-50 has-custom-font-size is-style-fill has-small-font-size\"><a class=\"wp-block-button__link wp-element-button\" href=\"https:\/\/lr-fahrzeugbau.de\/en\/kontakt\/\">Jetzt Anfragen<\/a><\/div>\n<\/div>\n\n\n\n<div style=\"height:100px\" aria-hidden=\"true\" class=\"wp-block-spacer\"><\/div>","protected":false},"excerpt":{"rendered":"<p>Wir realisieren Visionen LR Fahrzeugbau realisiert jeden Wunsch &#8211; Sei es den Antrieb auszutauschen, den Innenraum zu ver\u00e4ndern, neue Lichttechnik zu realisieren oder die Karosserie neu zu gestalten.<\/p>","protected":false},"author":1,"featured_media":0,"parent":0,"menu_order":0,"comment_status":"closed","ping_status":"closed","template":"","meta":{"_coblocks_attr":"","_coblocks_dimensions":"","_coblocks_responsive_height":"","_coblocks_accordion_ie_support":"","footnotes":""},"class_list":["post-37","page","type-page","status-publish","hentry"],"_links":{"self":[{"href":"https:\/\/lr-fahrzeugbau.de\/en\/wp-json\/wp\/v2\/pages\/37","targetHints":{"allow":["GET"]}}],"collection":[{"href":"https:\/\/lr-fahrzeugbau.de\/en\/wp-json\/wp\/v2\/pages"}],"about":[{"href":"https:\/\/lr-fahrzeugbau.de\/en\/wp-json\/wp\/v2\/types\/page"}],"author":[{"embeddable":true,"href":"https:\/\/lr-fahrzeugbau.de\/en\/wp-json\/wp\/v2\/users\/1"}],"replies":[{"embeddable":true,"href":"https:\/\/lr-fahrzeugbau.de\/en\/wp-json\/wp\/v2\/comments?post=37"}],"version-history":[{"count":26,"href":"https:\/\/lr-fahrzeugbau.de\/en\/wp-json\/wp\/v2\/pages\/37\/revisions"}],"predecessor-version":[{"id":1207,"href":"https:\/\/lr-fahrzeugbau.de\/en\/wp-json\/wp\/v2\/pages\/37\/revisions\/1207"}],"wp:attachment":[{"href":"https:\/\/lr-fahrzeugbau.de\/en\/wp-json\/wp\/v2\/media?parent=37"}],"curies":[{"name":"wp","href":"https:\/\/api.w.org\/{rel}","templated":true}]}}