{"id":934,"date":"2024-04-04T14:14:14","date_gmt":"2024-04-04T12:14:14","guid":{"rendered":"https:\/\/lr-fahrzeugbau.de\/?page_id=934"},"modified":"2024-04-08T10:08:29","modified_gmt":"2024-04-08T08:08:29","slug":"informationspflicht-bewerber","status":"publish","type":"page","link":"https:\/\/lr-fahrzeugbau.de\/en\/datenschutzerklaerung\/informationspflicht-bewerber\/","title":{"rendered":"Informationspflicht &#8211; Bewerber"},"content":{"rendered":"<p>Wir m\u00f6chten Sie dar\u00fcber informieren, wie wir mit Ihren personenbezogenen Daten umgehen und welche Rechte Ihnen gem\u00e4\u00df der Europ\u00e4ischen Datenschutz-Grundverordnung (DSGVO) und dem Bundesdatenschutzgesetz (BDSG) zustehen. Die Verantwortung f\u00fcr die Datenverarbeitung liegt bei der Organisation Silberhorn Gruppe (im Folgenden &#8222;wir&#8220; oder &#8222;uns&#8220; genannt).<\/p>\n\n\n\n<p>Verantwortlich f\u00fcr die Verarbeitung Ihrer personenbezogenen Daten ist:<\/p>\n\n\n\n<p>LR Fahrzeugbau GmbH<br>B\u00fcrgermeister-Seidl-Str. 6<br>82515 Wolfratshausen<\/p>\n\n\n\n<p>Kontakt zum Datenschutzbeauftragten \u00fcber E-Mail: <a href=\"mailto:datenschutz@lr-fahrzeugbau.de\" class=\"ek-link\">datenschutz@lr-fahrzeugbau.de<\/a><br><br><\/p>\n\n\n\n<h3 class=\"wp-block-heading\">Allgemeine Hinweise zu den Rechtsgrundlagen der Datenverarbeitung<\/h3>\n\n\n\n<p>\u201ePersonenbezogene Daten\u201c sind alle Informationen, die sich auf eine bestimmte Person beziehen. Wir verarbeiten diese Daten in \u00dcbereinstimmung mit den anwendbaren Datenschutzgesetzen, insbesondere der DSGVO und des BDSG. Wir d\u00fcrfen personenbezogene Daten nur verarbeiten, wenn eine gesetzliche Erlaubnis vorliegt.<\/p>\n\n\n\n<p>Wir verarbeiten personenbezogene Daten nur mit Ihrer Zustimmung, um einen Vertrag mit Ihnen abzuschlie\u00dfen oder um auf Ihre Anfrage im Zusammenhang mit einer potenziellen Gesch\u00e4ftsbeziehung zu reagieren, zur Erf\u00fcllung gesetzlicher Verpflichtungen oder zum Schutz unserer berechtigten Interessen, sofern dies nicht Ihre Interessen oder grundlegenden Rechte und Freiheiten beeintr\u00e4chtigt, die den Schutz personenbezogener Daten erfordern.<\/p>\n\n\n\n<h4 class=\"wp-block-heading\">Speicherdauer der personenbezogenen Daten<\/h4>\n\n\n\n<p>Wir speichern Ihre Daten nur so lange, wie es f\u00fcr die Erreichung des Zweckes der Verarbeitung oder zur Erf\u00fcllung unserer vertraglichen oder gesetzlichen Pflichten erforderlich ist, sofern sich aus den nachfolgenden Hinweisen nichts anderes ergibt. Gesetzliche Aufbewahrungspflichten k\u00f6nnen sich aus handels- oder steuerrechtlichen Vorschriften ergeben. Nach Ablauf des Kalenderjahres, in dem wir die Daten erhoben haben, werden wir personenbezogene Daten, die in unseren Buchhaltungsunterlagen enthalten sind, f\u00fcr zehn Jahre und personenbezogene Daten, die in Gesch\u00e4ftsbriefen und Vertr\u00e4gen enthalten sind, f\u00fcr sechs Jahre aufbewahren. Weiterhin werden wir Daten im Zusammenhang mit nachweispflichtigen Einwilligungen sowie Reklamationen und Forderungen f\u00fcr die Dauer der gesetzlichen Verj\u00e4hrungsfristen aufbewahren. F\u00fcr Werbezwecke gespeicherte Daten werden gel\u00f6scht, wenn Sie der Verarbeitung zu diesem Zweck widersprechen.<\/p>\n\n\n\n<h4 class=\"wp-block-heading\">Verarbeitung bei der Aus\u00fcbung Ihrer Rechte<\/h4>\n\n\n\n<p>Sofern Sie Ihre Rechte gem\u00e4\u00df den Artikeln 15 bis 22 der DSGVO aus\u00fcben m\u00f6chten, werden wir die von Ihnen \u00fcbermittelten personenbezogenen Daten verarbeiten, um diese Rechte umzusetzen und um den Nachweis hier\u00fcber erbringen zu k\u00f6nnen. Wir werden die zur Auskunftserteilung und Vorbereitung gespeicherten Daten ausschlie\u00dflich f\u00fcr diesen Zweck und f\u00fcr Zwecke der Datenschutzkontrolle verarbeiten und ansonsten die Verarbeitung gem\u00e4\u00df Artikel 18 der DSGVO beschr\u00e4nken.<\/p>\n\n\n\n<p>Diese Verarbeitungen basieren auf der Rechtsgrundlage des Artikels 6 Absatz 1 Buchstabe c der DSGVO in Verbindung mit den Artikeln 15 bis 22 der DSGVO und \u00a7 34 Absatz 2 des BDSG.<\/p>\n\n\n\n<h4 class=\"wp-block-heading\">Rechte der betroffenen Person<\/h4>\n\n\n\n<p>Die Datenschutz-Grundverordnung (DSGVO) garantiert jeder betroffenen Person bestimmte Rechte in Bezug auf ihre personenbezogenen Daten. Dazu geh\u00f6ren:<\/p>\n\n\n\n<ul class=\"wp-block-list\">\n<li>Das Recht auf Auskunft: Jede betroffene Person hat das Recht, von uns eine Best\u00e4tigung dar\u00fcber zu erhalten, ob personenbezogene Daten verarbeitet werden und auf Auskunft \u00fcber diese Daten sowie auf weitere Informationen und Kopien dieser Daten.<\/li>\n\n\n\n<li>Das Recht auf Berichtigung: Jede betroffene Person hat das Recht, die unverz\u00fcgliche Berichtigung unrichtiger personenbezogener Daten zu verlangen.<\/li>\n\n\n\n<li>Das Recht auf L\u00f6schung (\u201eRecht auf Vergessenwerden\u201c): Jede betroffene Person hat das Recht, die unverz\u00fcgliche L\u00f6schung ihrer personenbezogenen Daten zu verlangen.<\/li>\n\n\n\n<li>Das Recht auf Einschr\u00e4nkung der Verarbeitung: Jede betroffene Person hat das Recht, die Einschr\u00e4nkung der Verarbeitung ihrer personenbezogenen Daten zu verlangen.<\/li>\n\n\n\n<li>Das Recht auf Daten\u00fcbertragbarkeit: Jede betroffene Person hat das Recht, die sie betreffenden personenbezogenen Daten, die sie uns bereitgestellt haben, in einem strukturierten, g\u00e4ngigen und maschinenlesbaren Format zu erhalten.<\/li>\n\n\n\n<li>Das Widerspruchsrecht: Jede betroffene Person hat das Recht, aus Gr\u00fcnden, die sich aus ihrer besonderen Situation ergeben, jederzeit gegen die Verarbeitung sie betreffender personenbezogener Daten, die aufgrund von Art. 6 Abs. 1 lit. e oder f DSGVO erfolgt, Widerspruch einzulegen. Sofern durch uns personenbezogene Daten \u00fcber die betroffene Person zum Zweck der Direktwerbung verarbeitet werden, kann die betroffene Person gegen diese Verarbeitung gem. Art. 21 Abs. 2 und Abs. 3 DSGVO Widerspruch einlegen.<\/li>\n<\/ul>\n\n\n\n<p>Die betroffene Person hat ferner das Recht, sich bei einer Aufsichtsbeh\u00f6rde zu beschweren, wenn sie der Ansicht ist, dass die Verarbeitung ihrer personenbezogenen Daten gegen die DSGVO verst\u00f6\u00dft.<\/p>\n\n\n\n<p>Die f\u00fcr uns zust\u00e4ndige Aufsichtsbeh\u00f6rde ist: Bayerisches Landesamt f\u00fcr Datenschutzaufsicht<\/p>\n\n\n\n<h3 class=\"wp-block-heading\">Information \u00fcber die Verarbeitung personenbezogener Daten<\/h3>\n\n\n\n<h4 class=\"wp-block-heading\">Zweck der Verarbeitung<\/h4>\n\n\n\n<p>Wir verarbeiten Ihre personenbezogenen Daten, soweit dies zur Erf\u00fcllung der folgenden Zwecke erforderlich ist:<\/p>\n\n\n\n<ul class=\"wp-block-list\">\n<li>Erhebung, Verarbeitung oder Nutzung personenbezogener Daten von Bewerbern erfolgen zur Durchf\u00fchrung sowie Abwicklung des Bewerbungsverfahrens und der Beurteilung, inwieweit eine Eignung f\u00fcr eine betreffende Stelle vorliegt.<\/li>\n\n\n\n<li>Die Verarbeitung Ihrer Bewerberdaten ist erforderlich, um \u00fcber die Begr\u00fcndung eines Besch\u00e4ftigungsverh\u00e4ltnisses entscheiden zu k\u00f6nnen.<\/li>\n\n\n\n<li>Durchf\u00fchrung von Telefonkonferenzen, Online-Meetings und Videokonferenzen<\/li>\n<\/ul>\n\n\n\n<h4 class=\"wp-block-heading\">Rechtsgrundlage<\/h4>\n\n\n\n<p>Rechtsgrundlage f\u00fcr die Verarbeitung Ihrer personenbezogenen Daten zu den oben genannten Zwecken ist \/ sind<\/p>\n\n\n\n<ul class=\"wp-block-list\">\n<li>Besch\u00e4ftigungsverh\u00e4ltnis (Art. 6 Abs. 1 lit. b DSGVO, \u00a7 26 BDSG-neu, Art. 88 DSGVO)<\/li>\n\n\n\n<li>Einwilligung (Art. 6 Abs. 1 lit. a DSGVO, Art. 7 DSGVO)<\/li>\n<\/ul>\n\n\n\n<h4 class=\"wp-block-heading\">Quellen der personenbezogenen Daten<\/h4>\n\n\n\n<p>Die gespeicherten Daten wurden im Rahmen unseres Vertragsverh\u00e4ltnisses und f\u00fcr die Vertragsanbahnung sowie einzelner Auftr\u00e4ge erhoben, bzw. sie sind im Rahmen der Gesch\u00e4ftsverbindungen und Gesch\u00e4ftsanbahnung entstanden. Die Speicherung der Daten erfolgt zur Erf\u00fcllung und Abwicklung der uns erteilten Auftr\u00e4ge sowie der handels- und steuerrechtlichen Dokumentations- und Archivierungspflichten z.B.: Erfassung aus Eingaben im ERP-System, Signaturen aus E-Mail und Dokumenten. Die Verarbeitung Ihrer Daten erfolgt insoweit auf der Grundlage von Artikel 6 Abs. 1, lit. b, c, f EU-DS-GVO.<\/p>\n\n\n\n<p>Sofern personenbezogene Daten nicht direkt von der betroffenen Person erhoben werden, ist der Verantwortliche verpflichtet, die betroffene Person \u00fcber die Quellen dieser Daten zu informieren.<\/p>\n\n\n\n<ul class=\"wp-block-list\">\n<li>Erhoben beim Betroffenen<\/li>\n\n\n\n<li>Technisch bedingte, automatische \u00dcbertragung<\/li>\n\n\n\n<li>Bewerbermanagementsystem<\/li>\n<\/ul>\n\n\n\n<h4 class=\"wp-block-heading\">Kategorien der personenbezogenen Daten<\/h4>\n\n\n\n<p>Sofern personenbezogene Daten nicht direkt von der betroffenen Person erhoben werden, ist der Verantwortliche verpflichtet, die betroffene Person \u00fcber die Kategorien der betreffenden Daten zu informieren.<\/p>\n\n\n\n<ul class=\"wp-block-list\">\n<li>Adressdaten<\/li>\n\n\n\n<li>Kontaktdaten<\/li>\n\n\n\n<li>Kommunikationsdaten<\/li>\n\n\n\n<li>Name<\/li>\n\n\n\n<li>Qualifikationen<\/li>\n\n\n\n<li>Staatsangeh\u00f6rigkeit<\/li>\n\n\n\n<li>Zeugnisse<\/li>\n\n\n\n<li>Protokolldaten<\/li>\n\n\n\n<li>Meeting-Metadaten<\/li>\n\n\n\n<li>Text-, Audio- und Videodaten<\/li>\n\n\n\n<li>Bisherige T\u00e4tigkeiten<\/li>\n\n\n\n<li>Frageb\u00f6gen<\/li>\n\n\n\n<li>Interviews<\/li>\n\n\n\n<li>Freiwillige Angaben<\/li>\n\n\n\n<li>Gesundheitsdaten<\/li>\n\n\n\n<li>Religionszugeh\u00f6rigkeit<\/li>\n<\/ul>\n\n\n\n<h4 class=\"wp-block-heading\">Speicherdauer<\/h4>\n\n\n\n<p>Wir informieren Sie \u00fcber die Dauer, f\u00fcr die die personenbezogenen Daten gespeichert werden oder, falls dies nicht m\u00f6glich ist, die Kriterien f\u00fcr die Festlegung dieser Dauer.<\/p>\n\n\n\n<ul class=\"wp-block-list\">\n<li>6 Monate nach Eingang, sofern keine Einstellung erfolgt<\/li>\n<\/ul>\n\n\n\n<h4 class=\"wp-block-heading\">M\u00f6gliche Folgen der Nichtbereitstellung<\/h4>\n\n\n\n<p>Die Bereitstellung personenbezogener Daten durch die betroffene Person kann auf gesetzlicher oder vertraglicher Grundlage verlangt werden oder f\u00fcr den Abschluss eines Vertrags erforderlich sein. Es kann auch eine gesetzliche Verpflichtung bestehen, die Daten zur Verf\u00fcgung zu stellen.<\/p>\n\n\n\n<p>Die Nichtbereitstellung der personenbezogenen Daten k\u00f6nnte zu den folgenden Auswirkungen f\u00fchren:<\/p>\n\n\n\n<ul class=\"wp-block-list\">\n<li>Der Vertrag kann nicht ordnungsgem\u00e4\u00df erf\u00fcllt werden.<\/li>\n<\/ul>\n\n\n\n<h4 class=\"wp-block-heading\">Automatisierte Entscheidungsfindung und Profiling<\/h4>\n\n\n\n<p>Es werden&nbsp;<strong><u>keine&nbsp;<\/u><\/strong>automatisierten Verfahren von Entscheidungen nach Art. 22 DSGVO oder andere Profiling-Ma\u00dfnahmen Art. 4 Nr. DSGVO eingesetzt.<\/p>\n\n\n\n<h4 class=\"wp-block-heading\">Empf\u00e4nger der personenbezogenen Daten au\u00dferhalb der Organisation<\/h4>\n\n\n\n<p>Artikel 4 Absatz 9 der Datenschutz-Grundverordnung (DSGVO) definiert den Begriff &#8222;Empf\u00e4nger&#8220; als &#8222;die nat\u00fcrliche oder juristische Person, Beh\u00f6rde, Einrichtung oder jede andere Stelle, der personenbezogene Daten \u00fcbermittelt werden, unabh\u00e4ngig davon, ob es sich bei ihr um einen Dritten handelt oder nicht&#8220;.<\/p>\n\n\n\n<ul class=\"wp-block-list\">\n<li>Webseitenprovider<\/li>\n\n\n\n<li>IT-Dienstleister<\/li>\n\n\n\n<li>Software-Anbieter<\/li>\n\n\n\n<li>Entsorgungsunternehmen<\/li>\n\n\n\n<li>Microsoft<\/li>\n<\/ul>\n\n\n\n<h3 class=\"wp-block-heading\">Allgemeine Informationen f\u00fcr die Daten\u00fcbermittlung in Drittl\u00e4nder<\/h3>\n\n\n\n<p>Im Rahmen unserer Datenverarbeitungen kann es vorkommen, dass bestimmte personenbezogene Daten in L\u00e4nder \u00fcbermittelt werden, in denen die EU-Datenschutz-Grundverordnung (EU-DSGVO) nicht geltendes Recht ist (sog. Drittl\u00e4nder). Eine solche \u00dcbermittlung ist nur zul\u00e4ssig, wenn die Europ\u00e4ische Kommission festgestellt hat, dass in dem betreffenden Drittland ein angemessenes Datenschutzniveau gew\u00e4hrleistet ist. Liegt ein solcher Angemessenheitsbeschluss der Europ\u00e4ischen Kommission nicht vor, d\u00fcrfen personenbezogene Daten nur dann in ein Drittland \u00fcbermittelt werden, wenn geeignete Garantien nach Art. 46 DSGVO vorliegen oder eine der Voraussetzungen des Art. 49 DSGVO erf\u00fcllt ist.<\/p>\n\n\n\n<p>Sofern im Folgenden nichts anderes angegeben ist, verwenden wir f\u00fcr die \u00dcbermittlung personenbezogener Daten in Drittl\u00e4ndern als geeignete Garantien die EU-Standarddatenschutzklauseln. Die betroffene Person hat das Recht, eine Kopie dieser EU-Standarddatenschutzklauseln zu erhalten oder diese einzusehen. Zu diesem Zweck wird empfohlen, sich an die unter Verantwortlichkeiten angegebenen Kontaktdaten zu wenden.<\/p>\n\n\n\n<p>Soweit die betroffene Person in die \u00dcbermittlung personenbezogener Daten ausdr\u00fccklich einwilligt, erfolgt die \u00dcbermittlung auf der Rechtsgrundlage des Art. 49 Abs. 1 lit. a DSGVO.<\/p>\n\n\n\n<h4 class=\"wp-block-heading\">\u00dcbermittlung der Daten an ein Drittland oder internationale Organisation<\/h4>\n\n\n\n<p>Eine \u00dcbertragung personenbezogener Daten an eine &#8222;internationale Organisation&#8220; (im Sinne von Art. 4 Nr. 26 DSGVO) oder an Verantwortliche, Auftragsverarbeiter oder sonstige Empf\u00e4nger in einem Staat au\u00dferhalb der Europ\u00e4ischen Union (EU) und des Europ\u00e4ischen Wirtschaftsraums (EWR) birgt aus Sicht des Betroffenen besondere Datenschutzrisiken.<\/p>\n\n\n\n<p>Wir \u00fcbermitteln personenbezogene Daten an folgende Empf\u00e4nger au\u00dferhalb der Europ\u00e4ischen Union (EU) und des Europ\u00e4ischen Wirtschaftsraums (EWR):<\/p>\n\n\n\n<ul class=\"wp-block-list\">\n<li>Microsoft (Vereinigte Staaten von Amerika)<\/li>\n<\/ul>\n\n\n\n<h4 class=\"wp-block-heading\">Angemessenheitsbeschluss der EU-Kommission<\/h4>\n\n\n\n<p>Eine \u00dcbertragung personenbezogener Daten in ein Land au\u00dferhalb der Europ\u00e4ischen Union (EU) und des Europ\u00e4ischen Wirtschaftsraums (EWR) oder an eine internationale Organisation ist zul\u00e4ssig, wenn die Europ\u00e4ische Kommission festgestellt hat, dass das betreffende Land, das betreffende Gebiet oder ein oder mehrere spezifische Sektoren innerhalb dieses Landes oder die betreffende internationale Organisation ein angemessenes Schutzniveau gew\u00e4hrleisten.<\/p>\n\n\n\n<p>Wir \u00fcbermitteln personenbezogene Daten an folgende Empf\u00e4nger au\u00dferhalb der Europ\u00e4ischen Union (EU) und des Europ\u00e4ischen Wirtschaftsraums (EWR) f\u00fcr die ein Angemessenheitsbeschluss existiert:<\/p>\n\n\n\n<ul class=\"wp-block-list\">\n<li>Daten\u00fcbermittlung an ein Drittland oder an eine internationale Organisation, f\u00fcr die ein Angemessenheitsbeschluss der EU-Kommission vorliegt, findet nicht statt und ist auch nicht geplant.<\/li>\n<\/ul>\n\n\n\n<h4 class=\"wp-block-heading\">Datenweitergabe an Microsoft durch Microsoft 365 bzw. Microsoft Teams<\/h4>\n\n\n\n<p>Microsoft Teams ist Teil von Microsoft Office 365. Microsoft Teams ist ein Kollaborationstool, welches auch eine Videokonferenzfunktion beinhaltet. Microsoft Office ist eine Software der Firma Microsoft Corporation, One Microsoft Way Redmond, WA 98052-6399 USA.<\/p>\n\n\n\n<p>Weitere Informationen zu Zweck und Umfang der Datenerhebung und ihrer Verarbeitung durch Microsoft Teams erhalten Sie in der Datenschutzerkl\u00e4rung von Microsoft unter https:\/\/privacy.microsoft.com\/de-de\/privacystatement und Microsoft Teams unter&nbsp;<a href=\"https:\/\/docs.microsoft.com\/de-de\/microsoftteams\/teams-privacy\">https:\/\/docs.microsoft.com\/de-de\/microsoftteams\/teams-privacy<\/a><\/p>\n\n\n\n<p>Microsoft verarbeitet Ihre personenbezogenen Daten auch in den USA. EU \u2013Standardvertr\u00e4ge mit Microsoft zu Office 365 und Teams sind abgeschlossen, um ein angemessenes Datenschutzniveau zu garantieren. Die EU-Standardvertragsklauseln k\u00f6nnen Sie unter&nbsp;<a href=\"https:\/\/eurlex.europa.eu\/LexUriServ\/LexUriServ.do?uri=OJ:L:2010:039:0005:0018:DE:PDF\">https:\/\/eurlex.europa.eu\/LexUriServ\/LexUriServ.do?uri=OJ:L:2010:039:0005:0018:DE:PDF<\/a>&nbsp;abrufen.<\/p>\n\n\n\n<p>Aktualit\u00e4t und \u00c4nderung dieser Informationspflicht gem\u00e4\u00df Art. 13 und Art. 14 DSGVO<\/p>\n\n\n\n<p>Diese Informationspflicht zum Datenschutz ist aktuell g\u00fcltig und hat den Stand 04.05.2023<br>Aufgrund ge\u00e4nderter gesetzlicher beziehungsweise beh\u00f6rdlicher Vorgaben kann es notwendig werden, diese Informationen zu \u00e4ndern.<\/p>","protected":false},"excerpt":{"rendered":"<p>Wir m\u00f6chten Sie dar\u00fcber informieren, wie wir mit Ihren personenbezogenen Daten umgehen und welche Rechte Ihnen gem\u00e4\u00df der Europ\u00e4ischen Datenschutz-Grundverordnung (DSGVO) und dem Bundesdatenschutzgesetz (BDSG) zustehen. Die Verantwortung f\u00fcr die Datenverarbeitung liegt bei der Organisation Silberhorn Gruppe (im Folgenden &#8222;wir&#8220; oder &#8222;uns&#8220; genannt). Verantwortlich f\u00fcr die Verarbeitung Ihrer personenbezogenen Daten ist: LR Fahrzeugbau GmbHB\u00fcrgermeister-Seidl-Str. 682515 [&hellip;]<\/p>","protected":false},"author":1,"featured_media":0,"parent":3,"menu_order":0,"comment_status":"closed","ping_status":"closed","template":"","meta":{"_coblocks_attr":"","_coblocks_dimensions":"","_coblocks_responsive_height":"","_coblocks_accordion_ie_support":"","footnotes":""},"class_list":["post-934","page","type-page","status-publish","hentry"],"_links":{"self":[{"href":"https:\/\/lr-fahrzeugbau.de\/en\/wp-json\/wp\/v2\/pages\/934","targetHints":{"allow":["GET"]}}],"collection":[{"href":"https:\/\/lr-fahrzeugbau.de\/en\/wp-json\/wp\/v2\/pages"}],"about":[{"href":"https:\/\/lr-fahrzeugbau.de\/en\/wp-json\/wp\/v2\/types\/page"}],"author":[{"embeddable":true,"href":"https:\/\/lr-fahrzeugbau.de\/en\/wp-json\/wp\/v2\/users\/1"}],"replies":[{"embeddable":true,"href":"https:\/\/lr-fahrzeugbau.de\/en\/wp-json\/wp\/v2\/comments?post=934"}],"version-history":[{"count":3,"href":"https:\/\/lr-fahrzeugbau.de\/en\/wp-json\/wp\/v2\/pages\/934\/revisions"}],"predecessor-version":[{"id":1116,"href":"https:\/\/lr-fahrzeugbau.de\/en\/wp-json\/wp\/v2\/pages\/934\/revisions\/1116"}],"up":[{"embeddable":true,"href":"https:\/\/lr-fahrzeugbau.de\/en\/wp-json\/wp\/v2\/pages\/3"}],"wp:attachment":[{"href":"https:\/\/lr-fahrzeugbau.de\/en\/wp-json\/wp\/v2\/media?parent=934"}],"curies":[{"name":"wp","href":"https:\/\/api.w.org\/{rel}","templated":true}]}}